{"id":7992,"date":"2025-02-04T17:11:40","date_gmt":"2025-02-04T17:11:40","guid":{"rendered":"https:\/\/andbeerandorra.com\/sp\/?post_type=product&#038;p=7992"},"modified":"2025-02-04T17:45:05","modified_gmt":"2025-02-04T17:45:05","slug":"ipa-de-montana","status":"publish","type":"product","link":"https:\/\/andbeerandorra.com\/sp\/index.php\/product\/ipa-de-montana\/","title":{"rendered":"IPA DE MONTA\u00d1A"},"content":{"rendered":"<p class=\"p1\">La IPA es una cerveza amarga y arom\u00e1tica, elaborada con una gran cantidad de l\u00fapulos que le aportan notas c\u00edtricas y florales. Su color dorado y su generosa espuma la convierten en una opci\u00f3n ideal para quienes disfrutan de cervezas con personalidad, frescas e intensas. Perfecta para aquellos que buscan una experiencia de sabor fuerte y refrescante.<\/p>\n","protected":false},"excerpt":{"rendered":"<p class=\"p1\">La IPA es una cerveza amarga y arom\u00e1tica, con notas c\u00edtricas y florales, perfecta para los amantes de cervezas frescas e intensas.<\/p>\n","protected":false},"featured_media":7990,"comment_status":"closed","ping_status":"closed","template":"","meta":[],"product_cat":[58],"product_tag":[64,65],"class_list":{"0":"post-7992","1":"product","2":"type-product","3":"status-publish","4":"has-post-thumbnail","6":"product_cat-cervesa","7":"product_tag-cerveza-artesanal","8":"product_tag-ipa","10":"first","11":"instock","12":"shipping-taxable","13":"product-type-grouped"},"_links":{"self":[{"href":"https:\/\/andbeerandorra.com\/sp\/index.php\/wp-json\/wp\/v2\/product\/7992"}],"collection":[{"href":"https:\/\/andbeerandorra.com\/sp\/index.php\/wp-json\/wp\/v2\/product"}],"about":[{"href":"https:\/\/andbeerandorra.com\/sp\/index.php\/wp-json\/wp\/v2\/types\/product"}],"replies":[{"embeddable":true,"href":"https:\/\/andbeerandorra.com\/sp\/index.php\/wp-json\/wp\/v2\/comments?post=7992"}],"wp:featuredmedia":[{"embeddable":true,"href":"https:\/\/andbeerandorra.com\/sp\/index.php\/wp-json\/wp\/v2\/media\/7990"}],"wp:attachment":[{"href":"https:\/\/andbeerandorra.com\/sp\/index.php\/wp-json\/wp\/v2\/media?parent=7992"}],"wp:term":[{"taxonomy":"product_cat","embeddable":true,"href":"https:\/\/andbeerandorra.com\/sp\/index.php\/wp-json\/wp\/v2\/product_cat?post=7992"},{"taxonomy":"product_tag","embeddable":true,"href":"https:\/\/andbeerandorra.com\/sp\/index.php\/wp-json\/wp\/v2\/product_tag?post=7992"}],"curies":[{"name":"wp","href":"https:\/\/api.w.org\/{rel}","templated":true}]}}