{"id":3240,"date":"2022-10-28T08:37:13","date_gmt":"2022-10-28T08:37:13","guid":{"rendered":"https:\/\/earlybirds.qodeinteractive.com\/?post_type=product&#038;p=3240"},"modified":"2025-02-04T17:41:47","modified_gmt":"2025-02-04T17:41:47","slug":"trigo","status":"publish","type":"product","link":"https:\/\/andbeerandorra.com\/sp\/index.php\/product\/trigo\/","title":{"rendered":"TRIGO"},"content":{"rendered":"<p data-pm-slice=\"1 1 []\">La cerveza de trigo es un tipo de ale elaborada con una proporci\u00f3n significativa de malta de trigo, adem\u00e1s de malta de cebada. Se caracteriza por su sabor maltoso, su color claro y su espuma cremosa. Adem\u00e1s, la cerveza de trigo suele ser turbia, ya que no se filtra y contiene levaduras en suspensi\u00f3n, lo que le da una textura \u00fanica. Ideal para aquellos que buscan una cerveza refrescante y con un toque suave.<\/p>\n","protected":false},"excerpt":{"rendered":"<p>La cerveza de trigo es una variedad elaborada con una cantidad significativa de malta de trigo.<\/p>\n","protected":false},"featured_media":7746,"comment_status":"closed","ping_status":"closed","template":"","meta":[],"product_cat":[58],"product_tag":[64,67],"class_list":{"0":"post-3240","1":"product","2":"type-product","3":"status-publish","4":"has-post-thumbnail","6":"product_cat-cervesa","7":"product_tag-cerveza-artesanal","8":"product_tag-trigo","10":"first","11":"instock","12":"shipping-taxable","13":"product-type-grouped"},"_links":{"self":[{"href":"https:\/\/andbeerandorra.com\/sp\/index.php\/wp-json\/wp\/v2\/product\/3240"}],"collection":[{"href":"https:\/\/andbeerandorra.com\/sp\/index.php\/wp-json\/wp\/v2\/product"}],"about":[{"href":"https:\/\/andbeerandorra.com\/sp\/index.php\/wp-json\/wp\/v2\/types\/product"}],"replies":[{"embeddable":true,"href":"https:\/\/andbeerandorra.com\/sp\/index.php\/wp-json\/wp\/v2\/comments?post=3240"}],"wp:featuredmedia":[{"embeddable":true,"href":"https:\/\/andbeerandorra.com\/sp\/index.php\/wp-json\/wp\/v2\/media\/7746"}],"wp:attachment":[{"href":"https:\/\/andbeerandorra.com\/sp\/index.php\/wp-json\/wp\/v2\/media?parent=3240"}],"wp:term":[{"taxonomy":"product_cat","embeddable":true,"href":"https:\/\/andbeerandorra.com\/sp\/index.php\/wp-json\/wp\/v2\/product_cat?post=3240"},{"taxonomy":"product_tag","embeddable":true,"href":"https:\/\/andbeerandorra.com\/sp\/index.php\/wp-json\/wp\/v2\/product_tag?post=3240"}],"curies":[{"name":"wp","href":"https:\/\/api.w.org\/{rel}","templated":true}]}}