{"id":3231,"date":"2022-10-28T08:23:15","date_gmt":"2022-10-28T08:23:15","guid":{"rendered":"https:\/\/earlybirds.qodeinteractive.com\/?post_type=product&#038;p=3231"},"modified":"2025-02-04T17:42:34","modified_gmt":"2025-02-04T17:42:34","slug":"tostada","status":"publish","type":"product","link":"https:\/\/andbeerandorra.com\/sp\/index.php\/product\/tostada\/","title":{"rendered":"TOSTADA"},"content":{"rendered":"<p>La cerveza tostada se elabora con maltas m\u00e1s oscuras o mezclas de maltas con diferentes grados de tostado, lo que le confiere un color m\u00e1s intenso y un sabor profundo. Su sabor caracter\u00edstico presenta notas de malta tostada, caramelo y un toque suave de amargor. A diferencia de la cerveza rubia, la tostada destaca por su complejidad y la riqueza de las maltas utilizadas, que ofrecen una experiencia m\u00e1s robusta y un aroma m\u00e1s intenso.<\/p>\n","protected":false},"excerpt":{"rendered":"<p>La cerveza tostada se elabora con maltas oscuras que le dan un color intenso y un sabor y aroma distintivos.<\/p>\n","protected":false},"featured_media":7745,"comment_status":"closed","ping_status":"closed","template":"","meta":[],"product_cat":[58],"product_tag":[64,68],"class_list":{"0":"post-3231","1":"product","2":"type-product","3":"status-publish","4":"has-post-thumbnail","6":"product_cat-cervesa","7":"product_tag-cerveza-artesanal","8":"product_tag-tostada","10":"first","11":"instock","12":"shipping-taxable","13":"product-type-grouped"},"_links":{"self":[{"href":"https:\/\/andbeerandorra.com\/sp\/index.php\/wp-json\/wp\/v2\/product\/3231"}],"collection":[{"href":"https:\/\/andbeerandorra.com\/sp\/index.php\/wp-json\/wp\/v2\/product"}],"about":[{"href":"https:\/\/andbeerandorra.com\/sp\/index.php\/wp-json\/wp\/v2\/types\/product"}],"replies":[{"embeddable":true,"href":"https:\/\/andbeerandorra.com\/sp\/index.php\/wp-json\/wp\/v2\/comments?post=3231"}],"wp:featuredmedia":[{"embeddable":true,"href":"https:\/\/andbeerandorra.com\/sp\/index.php\/wp-json\/wp\/v2\/media\/7745"}],"wp:attachment":[{"href":"https:\/\/andbeerandorra.com\/sp\/index.php\/wp-json\/wp\/v2\/media?parent=3231"}],"wp:term":[{"taxonomy":"product_cat","embeddable":true,"href":"https:\/\/andbeerandorra.com\/sp\/index.php\/wp-json\/wp\/v2\/product_cat?post=3231"},{"taxonomy":"product_tag","embeddable":true,"href":"https:\/\/andbeerandorra.com\/sp\/index.php\/wp-json\/wp\/v2\/product_tag?post=3231"}],"curies":[{"name":"wp","href":"https:\/\/api.w.org\/{rel}","templated":true}]}}