{"id":3227,"date":"2022-10-28T08:16:01","date_gmt":"2022-10-28T08:16:01","guid":{"rendered":"https:\/\/earlybirds.qodeinteractive.com\/?post_type=product&#038;p=3227"},"modified":"2025-02-04T17:43:51","modified_gmt":"2025-02-04T17:43:51","slug":"amber_ale","status":"publish","type":"product","link":"https:\/\/andbeerandorra.com\/sp\/index.php\/product\/amber_ale\/","title":{"rendered":"AMBER ALE"},"content":{"rendered":"<p>Una cerveza con un buen equilibrio entre malta y l\u00fapulo, con sabores y aromas de galleta, pino, c\u00edtricos y tostado que se fusionan perfectamente. Su car\u00e1cter maltoso medio-alto, con un toque suave de caramelo procedente de los maltes cristalizados tostados, hace que sea una cerveza sabrosa y agradable. Ideal para aquellos que buscan una experiencia rica y equilibrada.<\/p>\n","protected":false},"excerpt":{"rendered":"<p>Una cerveza ligera de color cobre, con notas de galleta y caramelo, refrescante y perfecta para cualquier ocasi\u00f3n.<\/p>\n","protected":false},"featured_media":7742,"comment_status":"closed","ping_status":"closed","template":"","meta":[],"product_cat":[58],"product_tag":[60,64],"class_list":{"0":"post-3227","1":"product","2":"type-product","3":"status-publish","4":"has-post-thumbnail","6":"product_cat-cervesa","7":"product_tag-amber-ale","8":"product_tag-cerveza-artesanal","10":"first","11":"instock","12":"shipping-taxable","13":"product-type-grouped"},"_links":{"self":[{"href":"https:\/\/andbeerandorra.com\/sp\/index.php\/wp-json\/wp\/v2\/product\/3227"}],"collection":[{"href":"https:\/\/andbeerandorra.com\/sp\/index.php\/wp-json\/wp\/v2\/product"}],"about":[{"href":"https:\/\/andbeerandorra.com\/sp\/index.php\/wp-json\/wp\/v2\/types\/product"}],"replies":[{"embeddable":true,"href":"https:\/\/andbeerandorra.com\/sp\/index.php\/wp-json\/wp\/v2\/comments?post=3227"}],"wp:featuredmedia":[{"embeddable":true,"href":"https:\/\/andbeerandorra.com\/sp\/index.php\/wp-json\/wp\/v2\/media\/7742"}],"wp:attachment":[{"href":"https:\/\/andbeerandorra.com\/sp\/index.php\/wp-json\/wp\/v2\/media?parent=3227"}],"wp:term":[{"taxonomy":"product_cat","embeddable":true,"href":"https:\/\/andbeerandorra.com\/sp\/index.php\/wp-json\/wp\/v2\/product_cat?post=3227"},{"taxonomy":"product_tag","embeddable":true,"href":"https:\/\/andbeerandorra.com\/sp\/index.php\/wp-json\/wp\/v2\/product_tag?post=3227"}],"curies":[{"name":"wp","href":"https:\/\/api.w.org\/{rel}","templated":true}]}}