{"id":3240,"date":"2022-10-28T08:37:13","date_gmt":"2022-10-28T08:37:13","guid":{"rendered":"https:\/\/earlybirds.qodeinteractive.com\/?post_type=product&#038;p=3240"},"modified":"2025-01-20T15:16:34","modified_gmt":"2025-01-20T15:16:34","slug":"blat","status":"publish","type":"product","link":"https:\/\/andbeerandorra.com\/index.php\/product\/blat\/","title":{"rendered":"BLAT"},"content":{"rendered":"<p data-pm-slice=\"1 1 []\">La cervesa de blat \u00e9s un tipus d&#8217;ale elaborada amb una proporci\u00f3 significativa de malta de blat, a m\u00e9s de la malta d&#8217;ordi. Es caracteritza pel seu sabor malt\u00f3s, el seu color clar i la seva escuma cremosa. A m\u00e9s, la cervesa de blat sol ser t\u00e8rbola, ja que no es filtra i cont\u00e9 llevats en suspensi\u00f3, cosa que li dona una textura \u00fanica. Ideal per aquells que busquen una cervesa refrescant i amb un toc suau.<\/p>\n","protected":false},"excerpt":{"rendered":"<p>La cervesa de blat \u00e9s una varietat elaborada amb una quantitat significativa de malt de blat.<\/p>\n","protected":false},"featured_media":7746,"comment_status":"closed","ping_status":"closed","template":"","meta":[],"product_cat":[58],"product_tag":[61,59],"class_list":{"0":"post-3240","1":"product","2":"type-product","3":"status-publish","4":"has-post-thumbnail","6":"product_cat-cervesa","7":"product_tag-blat","8":"product_tag-cervesa-artesanal","10":"first","11":"instock","12":"shipping-taxable","13":"product-type-grouped"},"_links":{"self":[{"href":"https:\/\/andbeerandorra.com\/index.php\/wp-json\/wp\/v2\/product\/3240"}],"collection":[{"href":"https:\/\/andbeerandorra.com\/index.php\/wp-json\/wp\/v2\/product"}],"about":[{"href":"https:\/\/andbeerandorra.com\/index.php\/wp-json\/wp\/v2\/types\/product"}],"replies":[{"embeddable":true,"href":"https:\/\/andbeerandorra.com\/index.php\/wp-json\/wp\/v2\/comments?post=3240"}],"wp:featuredmedia":[{"embeddable":true,"href":"https:\/\/andbeerandorra.com\/index.php\/wp-json\/wp\/v2\/media\/7746"}],"wp:attachment":[{"href":"https:\/\/andbeerandorra.com\/index.php\/wp-json\/wp\/v2\/media?parent=3240"}],"wp:term":[{"taxonomy":"product_cat","embeddable":true,"href":"https:\/\/andbeerandorra.com\/index.php\/wp-json\/wp\/v2\/product_cat?post=3240"},{"taxonomy":"product_tag","embeddable":true,"href":"https:\/\/andbeerandorra.com\/index.php\/wp-json\/wp\/v2\/product_tag?post=3240"}],"curies":[{"name":"wp","href":"https:\/\/api.w.org\/{rel}","templated":true}]}}