{"id":3231,"date":"2022-10-28T08:23:15","date_gmt":"2022-10-28T08:23:15","guid":{"rendered":"https:\/\/earlybirds.qodeinteractive.com\/?post_type=product&#038;p=3231"},"modified":"2025-01-31T16:59:20","modified_gmt":"2025-01-31T16:59:20","slug":"torrada","status":"publish","type":"product","link":"https:\/\/andbeerandorra.com\/index.php\/product\/torrada\/","title":{"rendered":"TORRADA"},"content":{"rendered":"<p>La cervesa <span style=\"color: var(--qode-main-color);\">torrada <\/span><span style=\"color: var(--qode-main-color);\">s&#8217;elabora amb maltas m\u00e9s fosques o mescles de maltas amb diferents graus de torrat, cosa que li confereix un color m\u00e9s intens i un sabor profund. El seu sabor caracter\u00edstic presenta notes de malta torrada, caramel i un toc suau d&#8217;amargor. A difer\u00e8ncia de la cervesa rubia, la tostada destaca per la seva complexitat i la riquesa de les maltas utilitzades, que ofereixen una experi\u00e8ncia m\u00e9s robusta i un aroma m\u00e9s intens.<\/span><\/p>\n","protected":false},"excerpt":{"rendered":"<p>La cervesa torrada es fa amb maltes fosques que li donen un color intens i un sabor i aroma distintius.<\/p>\n","protected":false},"featured_media":7745,"comment_status":"closed","ping_status":"closed","template":"","meta":[],"product_cat":[58],"product_tag":[59,63],"class_list":{"0":"post-3231","1":"product","2":"type-product","3":"status-publish","4":"has-post-thumbnail","6":"product_cat-cervesa","7":"product_tag-cervesa-artesanal","8":"product_tag-torrada","10":"first","11":"instock","12":"shipping-taxable","13":"product-type-grouped"},"_links":{"self":[{"href":"https:\/\/andbeerandorra.com\/index.php\/wp-json\/wp\/v2\/product\/3231"}],"collection":[{"href":"https:\/\/andbeerandorra.com\/index.php\/wp-json\/wp\/v2\/product"}],"about":[{"href":"https:\/\/andbeerandorra.com\/index.php\/wp-json\/wp\/v2\/types\/product"}],"replies":[{"embeddable":true,"href":"https:\/\/andbeerandorra.com\/index.php\/wp-json\/wp\/v2\/comments?post=3231"}],"wp:featuredmedia":[{"embeddable":true,"href":"https:\/\/andbeerandorra.com\/index.php\/wp-json\/wp\/v2\/media\/7745"}],"wp:attachment":[{"href":"https:\/\/andbeerandorra.com\/index.php\/wp-json\/wp\/v2\/media?parent=3231"}],"wp:term":[{"taxonomy":"product_cat","embeddable":true,"href":"https:\/\/andbeerandorra.com\/index.php\/wp-json\/wp\/v2\/product_cat?post=3231"},{"taxonomy":"product_tag","embeddable":true,"href":"https:\/\/andbeerandorra.com\/index.php\/wp-json\/wp\/v2\/product_tag?post=3231"}],"curies":[{"name":"wp","href":"https:\/\/api.w.org\/{rel}","templated":true}]}}