{"id":3227,"date":"2022-10-28T08:16:01","date_gmt":"2022-10-28T08:16:01","guid":{"rendered":"https:\/\/earlybirds.qodeinteractive.com\/?post_type=product&#038;p=3227"},"modified":"2025-01-20T15:18:30","modified_gmt":"2025-01-20T15:18:30","slug":"amber_ale","status":"publish","type":"product","link":"https:\/\/andbeerandorra.com\/index.php\/product\/amber_ale\/","title":{"rendered":"AMBER ALE"},"content":{"rendered":"<p>Una cervesa amb un bon equilibri entre malt i ll\u00fapol, amb sabors i aromes de galeta, pi, c\u00edtrics i torrat que es fusionen perfectament. El seu car\u00e0cter malt\u00f3s mitj\u00e0-alt, amb un toc suau de caramel procedent dels malts cristal\u00b7litzats torrats, fa que sigui una cervesa saborosa i agradable. Ideal per a aquells que busquen una experi\u00e8ncia rica i equilibrada.<\/p>\n","protected":false},"excerpt":{"rendered":"<p>Cervesa lleugera de color coure, amb notes de galeta i caramel, refrescant i perfecta per a qualsevol ocasi\u00f3.<\/p>\n","protected":false},"featured_media":7742,"comment_status":"closed","ping_status":"closed","template":"","meta":[],"product_cat":[58],"product_tag":[60,59],"class_list":{"0":"post-3227","1":"product","2":"type-product","3":"status-publish","4":"has-post-thumbnail","6":"product_cat-cervesa","7":"product_tag-amber-ale","8":"product_tag-cervesa-artesanal","10":"first","11":"instock","12":"shipping-taxable","13":"product-type-grouped"},"_links":{"self":[{"href":"https:\/\/andbeerandorra.com\/index.php\/wp-json\/wp\/v2\/product\/3227"}],"collection":[{"href":"https:\/\/andbeerandorra.com\/index.php\/wp-json\/wp\/v2\/product"}],"about":[{"href":"https:\/\/andbeerandorra.com\/index.php\/wp-json\/wp\/v2\/types\/product"}],"replies":[{"embeddable":true,"href":"https:\/\/andbeerandorra.com\/index.php\/wp-json\/wp\/v2\/comments?post=3227"}],"wp:featuredmedia":[{"embeddable":true,"href":"https:\/\/andbeerandorra.com\/index.php\/wp-json\/wp\/v2\/media\/7742"}],"wp:attachment":[{"href":"https:\/\/andbeerandorra.com\/index.php\/wp-json\/wp\/v2\/media?parent=3227"}],"wp:term":[{"taxonomy":"product_cat","embeddable":true,"href":"https:\/\/andbeerandorra.com\/index.php\/wp-json\/wp\/v2\/product_cat?post=3227"},{"taxonomy":"product_tag","embeddable":true,"href":"https:\/\/andbeerandorra.com\/index.php\/wp-json\/wp\/v2\/product_tag?post=3227"}],"curies":[{"name":"wp","href":"https:\/\/api.w.org\/{rel}","templated":true}]}}