{"id":7996,"date":"2025-02-04T17:11:41","date_gmt":"2025-02-04T17:11:41","guid":{"rendered":"https:\/\/andbeerandorra.com\/fr\/?post_type=product&#038;p=7996"},"modified":"2025-02-04T17:50:14","modified_gmt":"2025-02-04T17:50:14","slug":"ipa-de-montagne","status":"publish","type":"product","link":"https:\/\/andbeerandorra.com\/fr\/index.php\/product\/ipa-de-montagne\/","title":{"rendered":"IPA DE MONTAGNE"},"content":{"rendered":"<p class=\"p1\">L\u2019IPA est une bi\u00e8re am\u00e8re et aromatique, brass\u00e9e avec une grande quantit\u00e9 de houblons qui lui conf\u00e8rent des notes d\u2019agrumes et florales. Sa couleur dor\u00e9e et sa mousse g\u00e9n\u00e9reuse en font un choix id\u00e9al pour les amateurs de bi\u00e8res au caract\u00e8re prononc\u00e9, fra\u00eeches et intenses. Parfaite pour ceux qui recherchent une exp\u00e9rience de saveur forte et rafra\u00eechissante.<\/p>\n","protected":false},"excerpt":{"rendered":"<p class=\"p1\">L\u2019IPA est une bi\u00e8re am\u00e8re et aromatique aux notes d\u2019agrumes et florales, parfaite pour les amateurs de bi\u00e8res fra\u00eeches et intenses.<\/p>\n","protected":false},"featured_media":7995,"comment_status":"closed","ping_status":"closed","template":"","meta":[],"product_cat":[58],"product_tag":[64,65],"class_list":{"0":"post-7996","1":"product","2":"type-product","3":"status-publish","4":"has-post-thumbnail","6":"product_cat-cervesa","7":"product_tag-biere-artisanale","8":"product_tag-ipa","10":"first","11":"instock","12":"shipping-taxable","13":"product-type-grouped"},"_links":{"self":[{"href":"https:\/\/andbeerandorra.com\/fr\/index.php\/wp-json\/wp\/v2\/product\/7996"}],"collection":[{"href":"https:\/\/andbeerandorra.com\/fr\/index.php\/wp-json\/wp\/v2\/product"}],"about":[{"href":"https:\/\/andbeerandorra.com\/fr\/index.php\/wp-json\/wp\/v2\/types\/product"}],"replies":[{"embeddable":true,"href":"https:\/\/andbeerandorra.com\/fr\/index.php\/wp-json\/wp\/v2\/comments?post=7996"}],"wp:featuredmedia":[{"embeddable":true,"href":"https:\/\/andbeerandorra.com\/fr\/index.php\/wp-json\/wp\/v2\/media\/7995"}],"wp:attachment":[{"href":"https:\/\/andbeerandorra.com\/fr\/index.php\/wp-json\/wp\/v2\/media?parent=7996"}],"wp:term":[{"taxonomy":"product_cat","embeddable":true,"href":"https:\/\/andbeerandorra.com\/fr\/index.php\/wp-json\/wp\/v2\/product_cat?post=7996"},{"taxonomy":"product_tag","embeddable":true,"href":"https:\/\/andbeerandorra.com\/fr\/index.php\/wp-json\/wp\/v2\/product_tag?post=7996"}],"curies":[{"name":"wp","href":"https:\/\/api.w.org\/{rel}","templated":true}]}}