{"id":3231,"date":"2022-10-28T08:23:15","date_gmt":"2022-10-28T08:23:15","guid":{"rendered":"https:\/\/earlybirds.qodeinteractive.com\/?post_type=product&#038;p=3231"},"modified":"2025-02-04T17:51:30","modified_gmt":"2025-02-04T17:51:30","slug":"biere-toastee","status":"publish","type":"product","link":"https:\/\/andbeerandorra.com\/fr\/index.php\/product\/biere-toastee\/","title":{"rendered":"Bi\u00e8re Toast\u00e9e"},"content":{"rendered":"<p>La bi\u00e8re toast\u00e9e est brass\u00e9e avec des malts plus fonc\u00e9s ou des m\u00e9langes de malts ayant diff\u00e9rents degr\u00e9s de torr\u00e9faction, ce qui lui conf\u00e8re une couleur plus intense et une saveur profonde. Son go\u00fbt caract\u00e9ristique pr\u00e9sente des notes de malt grill\u00e9, de caramel et une l\u00e9g\u00e8re touche d&#8217;amertume. Contrairement \u00e0 la bi\u00e8re blonde, la bi\u00e8re toast\u00e9e se distingue par sa complexit\u00e9 et la richesse des malts utilis\u00e9s, offrant une exp\u00e9rience plus robuste et un ar\u00f4me plus intense.<\/p>\n","protected":false},"excerpt":{"rendered":"<p>La bi\u00e8re toast\u00e9e est fabriqu\u00e9e avec des malts fonc\u00e9s qui lui donnent une couleur intense ainsi qu&#8217;une saveur et un ar\u00f4me distincts.<\/p>\n","protected":false},"featured_media":7745,"comment_status":"closed","ping_status":"closed","template":"","meta":[],"product_cat":[58],"product_tag":[64,68],"class_list":{"0":"post-3231","1":"product","2":"type-product","3":"status-publish","4":"has-post-thumbnail","6":"product_cat-cervesa","7":"product_tag-biere-artisanale","8":"product_tag-biere-toastee","10":"first","11":"instock","12":"shipping-taxable","13":"product-type-grouped"},"_links":{"self":[{"href":"https:\/\/andbeerandorra.com\/fr\/index.php\/wp-json\/wp\/v2\/product\/3231"}],"collection":[{"href":"https:\/\/andbeerandorra.com\/fr\/index.php\/wp-json\/wp\/v2\/product"}],"about":[{"href":"https:\/\/andbeerandorra.com\/fr\/index.php\/wp-json\/wp\/v2\/types\/product"}],"replies":[{"embeddable":true,"href":"https:\/\/andbeerandorra.com\/fr\/index.php\/wp-json\/wp\/v2\/comments?post=3231"}],"wp:featuredmedia":[{"embeddable":true,"href":"https:\/\/andbeerandorra.com\/fr\/index.php\/wp-json\/wp\/v2\/media\/7745"}],"wp:attachment":[{"href":"https:\/\/andbeerandorra.com\/fr\/index.php\/wp-json\/wp\/v2\/media?parent=3231"}],"wp:term":[{"taxonomy":"product_cat","embeddable":true,"href":"https:\/\/andbeerandorra.com\/fr\/index.php\/wp-json\/wp\/v2\/product_cat?post=3231"},{"taxonomy":"product_tag","embeddable":true,"href":"https:\/\/andbeerandorra.com\/fr\/index.php\/wp-json\/wp\/v2\/product_tag?post=3231"}],"curies":[{"name":"wp","href":"https:\/\/api.w.org\/{rel}","templated":true}]}}