{"id":3228,"date":"2022-10-28T08:18:51","date_gmt":"2022-10-28T08:18:51","guid":{"rendered":"https:\/\/earlybirds.qodeinteractive.com\/?post_type=product&#038;p=3228"},"modified":"2025-02-04T17:52:06","modified_gmt":"2025-02-04T17:52:06","slug":"ale-rouge","status":"publish","type":"product","link":"https:\/\/andbeerandorra.com\/fr\/index.php\/product\/ale-rouge\/","title":{"rendered":"Ale Rouge"},"content":{"rendered":"<p>La Ale Rouge est une bi\u00e8re de couleur cuivr\u00e9e brillante avec une mousse tr\u00e8s persistante. L&#8217;ar\u00f4me initial est frais et herbac\u00e9, avec un m\u00e9lange de houblons, mettant en avant le Nugget. \u00c0 mesure qu&#8217;elle se r\u00e9chauffe, les notes de caramel et de toffee prennent le dessus. Sa saveur douce combine des touches florales et se termine par une amertume agr\u00e9able, laissant un l\u00e9ger arri\u00e8re-go\u00fbt de fruits secs et de seigle.<\/p>\n","protected":false},"excerpt":{"rendered":"<p>La Ale Rouge est une bi\u00e8re de corps moyen avec des saveurs de malt, de caramel et une touche \u00e9pic\u00e9e de seigle.<\/p>\n","protected":false},"featured_media":7743,"comment_status":"closed","ping_status":"closed","template":"","meta":[],"product_cat":[58],"product_tag":[69,64],"class_list":{"0":"post-3228","1":"product","2":"type-product","3":"status-publish","4":"has-post-thumbnail","6":"product_cat-cervesa","7":"product_tag-ale-rouge","8":"product_tag-biere-artisanale","10":"first","11":"instock","12":"shipping-taxable","13":"product-type-grouped"},"_links":{"self":[{"href":"https:\/\/andbeerandorra.com\/fr\/index.php\/wp-json\/wp\/v2\/product\/3228"}],"collection":[{"href":"https:\/\/andbeerandorra.com\/fr\/index.php\/wp-json\/wp\/v2\/product"}],"about":[{"href":"https:\/\/andbeerandorra.com\/fr\/index.php\/wp-json\/wp\/v2\/types\/product"}],"replies":[{"embeddable":true,"href":"https:\/\/andbeerandorra.com\/fr\/index.php\/wp-json\/wp\/v2\/comments?post=3228"}],"wp:featuredmedia":[{"embeddable":true,"href":"https:\/\/andbeerandorra.com\/fr\/index.php\/wp-json\/wp\/v2\/media\/7743"}],"wp:attachment":[{"href":"https:\/\/andbeerandorra.com\/fr\/index.php\/wp-json\/wp\/v2\/media?parent=3228"}],"wp:term":[{"taxonomy":"product_cat","embeddable":true,"href":"https:\/\/andbeerandorra.com\/fr\/index.php\/wp-json\/wp\/v2\/product_cat?post=3228"},{"taxonomy":"product_tag","embeddable":true,"href":"https:\/\/andbeerandorra.com\/fr\/index.php\/wp-json\/wp\/v2\/product_tag?post=3228"}],"curies":[{"name":"wp","href":"https:\/\/api.w.org\/{rel}","templated":true}]}}