{"id":3227,"date":"2022-10-28T08:16:01","date_gmt":"2022-10-28T08:16:01","guid":{"rendered":"https:\/\/earlybirds.qodeinteractive.com\/?post_type=product&#038;p=3227"},"modified":"2025-02-04T17:52:40","modified_gmt":"2025-02-04T17:52:40","slug":"amber_ale","status":"publish","type":"product","link":"https:\/\/andbeerandorra.com\/fr\/index.php\/product\/amber_ale\/","title":{"rendered":"AMBER ALE"},"content":{"rendered":"<p>Une bi\u00e8re avec un bon \u00e9quilibre entre le malt et le houblon, avec des saveurs et des ar\u00f4mes de biscuit, de pin, d&#8217;agrumes et de toast qui se fondent parfaitement. Son caract\u00e8re malt\u00e9 moyen-haut, avec une touche subtile de caramel provenant des malts cristallis\u00e9s torr\u00e9fi\u00e9s, en fait une bi\u00e8re savoureuse et agr\u00e9able. Id\u00e9ale pour ceux qui recherchent une exp\u00e9rience riche et \u00e9quilibr\u00e9e.<\/p>\n","protected":false},"excerpt":{"rendered":"<p>Une bi\u00e8re l\u00e9g\u00e8re de couleur cuivr\u00e9e, avec des notes de biscuit et de caramel, rafra\u00eechissante et parfaite pour toutes les occasions.<\/p>\n","protected":false},"featured_media":7742,"comment_status":"closed","ping_status":"closed","template":"","meta":[],"product_cat":[58],"product_tag":[60,64],"class_list":{"0":"post-3227","1":"product","2":"type-product","3":"status-publish","4":"has-post-thumbnail","6":"product_cat-cervesa","7":"product_tag-amber-ale","8":"product_tag-biere-artisanale","10":"first","11":"instock","12":"shipping-taxable","13":"product-type-grouped"},"_links":{"self":[{"href":"https:\/\/andbeerandorra.com\/fr\/index.php\/wp-json\/wp\/v2\/product\/3227"}],"collection":[{"href":"https:\/\/andbeerandorra.com\/fr\/index.php\/wp-json\/wp\/v2\/product"}],"about":[{"href":"https:\/\/andbeerandorra.com\/fr\/index.php\/wp-json\/wp\/v2\/types\/product"}],"replies":[{"embeddable":true,"href":"https:\/\/andbeerandorra.com\/fr\/index.php\/wp-json\/wp\/v2\/comments?post=3227"}],"wp:featuredmedia":[{"embeddable":true,"href":"https:\/\/andbeerandorra.com\/fr\/index.php\/wp-json\/wp\/v2\/media\/7742"}],"wp:attachment":[{"href":"https:\/\/andbeerandorra.com\/fr\/index.php\/wp-json\/wp\/v2\/media?parent=3227"}],"wp:term":[{"taxonomy":"product_cat","embeddable":true,"href":"https:\/\/andbeerandorra.com\/fr\/index.php\/wp-json\/wp\/v2\/product_cat?post=3227"},{"taxonomy":"product_tag","embeddable":true,"href":"https:\/\/andbeerandorra.com\/fr\/index.php\/wp-json\/wp\/v2\/product_tag?post=3227"}],"curies":[{"name":"wp","href":"https:\/\/api.w.org\/{rel}","templated":true}]}}